{"id":54,"date":"2019-08-28T05:56:27","date_gmt":"2019-08-28T05:56:27","guid":{"rendered":"http:\/\/easy-elephant.w5.wpsandbox.pro\/?page_id=54"},"modified":"2024-03-11T22:38:00","modified_gmt":"2024-03-11T22:38:00","slug":"galerie","status":"publish","type":"page","link":"https:\/\/amsoa-dermocomestique.com\/index.php\/galerie\/","title":{"rendered":"AVENTURE"},"content":{"rendered":"\t\t<div data-elementor-type=\"wp-post\" data-elementor-id=\"54\" class=\"elementor elementor-54\">\n\t\t\t\t\t\t<section class=\"elementor-section elementor-top-section elementor-element elementor-element-51edd8f elementor-section-boxed elementor-section-height-default elementor-section-height-default\" data-id=\"51edd8f\" data-element_type=\"section\" data-settings=\"{&quot;background_background&quot;:&quot;classic&quot;}\">\n\t\t\t\t\t\t<div class=\"elementor-container elementor-column-gap-default\">\n\t\t\t\t\t<div class=\"elementor-column elementor-col-100 elementor-top-column elementor-element elementor-element-9b9b75b\" data-id=\"9b9b75b\" data-element_type=\"column\">\n\t\t\t<div class=\"elementor-widget-wrap elementor-element-populated\">\n\t\t\t\t\t\t<section class=\"elementor-section elementor-inner-section elementor-element elementor-element-96c6737 elementor-section-boxed elementor-section-height-default elementor-section-height-default\" data-id=\"96c6737\" data-element_type=\"section\">\n\t\t\t\t\t\t<div class=\"elementor-container elementor-column-gap-default\">\n\t\t\t\t\t<div class=\"elementor-column elementor-col-100 elementor-inner-column elementor-element elementor-element-c337603\" data-id=\"c337603\" data-element_type=\"column\">\n\t\t\t<div class=\"elementor-widget-wrap elementor-element-populated\">\n\t\t\t\t\t\t<div class=\"elementor-element elementor-element-658f385 elementor-widget elementor-widget-heading\" data-id=\"658f385\" data-element_type=\"widget\" data-widget_type=\"heading.default\">\n\t\t\t\t<div class=\"elementor-widget-container\">\n\t\t\t\t\t<h2 class=\"elementor-heading-title elementor-size-default\">Derri\u00e8re Tsara Form<\/h2>\t\t\t\t<\/div>\n\t\t\t\t<\/div>\n\t\t\t\t\t<\/div>\n\t\t<\/div>\n\t\t\t\t\t<\/div>\n\t\t<\/section>\n\t\t\t\t<div class=\"elementor-element elementor-element-f711c85 elementor-widget elementor-widget-heading\" data-id=\"f711c85\" data-element_type=\"widget\" data-widget_type=\"heading.default\">\n\t\t\t\t<div class=\"elementor-widget-container\">\n\t\t\t\t\t<h2 class=\"elementor-heading-title elementor-size-default\">un peu plus sur nous !<\/h2>\t\t\t\t<\/div>\n\t\t\t\t<\/div>\n\t\t\t\t<div class=\"elementor-element elementor-element-c627b36 ec-icon--top elementor-widget elementor-widget-elementor-companion-divider\" data-id=\"c627b36\" data-element_type=\"widget\" data-settings=\"{&quot;icon_position&quot;:&quot;top&quot;}\" data-widget_type=\"elementor-companion-divider.default\">\n\t\t\t\t<div class=\"elementor-widget-container\">\n\t\t\t\t\t\n\t\t<div class=\"ec-divider-wrapper\">\n\t\t\t<div class=\"ec-divider ec-divider--icon  \">\n\t\t\t\t<div class=\"ec-divider-side ec-divider-before\"><\/div>\n\n\t\t\t\t\t\t\t\t<div class=\"ec-divider-middle\">\n\t\t\t\t\t\n\t\t\t\t\t\t\t\t\t\t\t\t\t<i class=\"fa fa-pagelines\" aria-hidden=\"true\"><\/i>\n\t\t\t\t\t\t\n\t\t\t\t\t\n\t\t\t\t\t\n\t\t\t\t\t\t\t\t<\/div> <!-- \/.ec-divider-middle -->\n\t\t\t\n\t\t\t<div class=\"ec-divider-side ec-divider-after\"><\/div>\n\t\t<\/div> <!-- \/.ec-divider -->\n\n\t\t<\/div> <!-- \/.ec-divider-wrapper -->\n\n\t\t\t\t\t\t<\/div>\n\t\t\t\t<\/div>\n\t\t\t\t\t<\/div>\n\t\t<\/div>\n\t\t\t\t\t<\/div>\n\t\t<\/section>\n\t\t\t\t<section class=\"elementor-section elementor-top-section elementor-element elementor-element-1349b09 elementor-section-boxed elementor-section-height-default elementor-section-height-default\" data-id=\"1349b09\" data-element_type=\"section\">\n\t\t\t\t\t\t<div class=\"elementor-container elementor-column-gap-default\">\n\t\t\t\t\t<div class=\"elementor-column elementor-col-100 elementor-top-column elementor-element elementor-element-3a486ed\" data-id=\"3a486ed\" data-element_type=\"column\">\n\t\t\t<div class=\"elementor-widget-wrap elementor-element-populated\">\n\t\t\t\t\t\t<div class=\"elementor-element elementor-element-4ff2ceb elementor-widget-divider--view-line elementor-widget elementor-widget-divider\" data-id=\"4ff2ceb\" data-element_type=\"widget\" data-widget_type=\"divider.default\">\n\t\t\t\t<div class=\"elementor-widget-container\">\n\t\t\t\t\t\t\t<div class=\"elementor-divider\">\n\t\t\t<span class=\"elementor-divider-separator\">\n\t\t\t\t\t\t<\/span>\n\t\t<\/div>\n\t\t\t\t\t\t<\/div>\n\t\t\t\t<\/div>\n\t\t\t\t\t<\/div>\n\t\t<\/div>\n\t\t\t\t\t<\/div>\n\t\t<\/section>\n\t\t\t\t<section class=\"elementor-section elementor-top-section elementor-element elementor-element-77ce39b elementor-section-boxed elementor-section-height-default elementor-section-height-default\" data-id=\"77ce39b\" data-element_type=\"section\">\n\t\t\t\t\t\t<div class=\"elementor-container elementor-column-gap-default\">\n\t\t\t\t\t<div class=\"elementor-column elementor-col-100 elementor-top-column elementor-element elementor-element-554d65c\" data-id=\"554d65c\" data-element_type=\"column\">\n\t\t\t<div class=\"elementor-widget-wrap elementor-element-populated\">\n\t\t\t\t\t\t<div class=\"elementor-element elementor-element-db9d6b4 elementor-widget elementor-widget-text-editor\" data-id=\"db9d6b4\" data-element_type=\"widget\" data-widget_type=\"text-editor.default\">\n\t\t\t\t<div class=\"elementor-widget-container\">\n\t\t\t\t\t\t\t\t\t<p class=\"_04xlpA direction-ltr align-justify para-style-body\"><span class=\"S1PPyQ\">Nous sommes deux soeurs totalement diff\u00e9rentes mais si compl\u00e9mentaires que nous avons saut\u00e9 le pas et ouvert Tsara Form.&nbsp;<\/span><span class=\"S1PPyQ\">L&rsquo;une est sp\u00e9cialis\u00e9e dans les soins du corps et l&rsquo;autre dans les soins du visage.&nbsp;<\/span><span class=\"S1PPyQ\">La prise en charge est ce que nous mettons \u00e0 coeur, un diagnostic sera toujours \u00e9tabli car comprendre vos besoins et vos probl\u00e9matiques c&rsquo;est apprendre \u00e0 mieux vous conna\u00eetre et <\/span><span class=\"S1PPyQ\">r\u00e9v\u00e9ler<\/span><span class=\"S1PPyQ\"> ainsi votre naturel.<\/span><\/p><p class=\"_04xlpA direction-ltr align-justify para-style-body\"><span style=\"font-family: var( --e-global-typography-text-font-family ), Sans-serif;\">Laure &amp; Freddie<\/span><\/p>\t\t\t\t\t\t\t\t<\/div>\n\t\t\t\t<\/div>\n\t\t\t\t\t<\/div>\n\t\t<\/div>\n\t\t\t\t\t<\/div>\n\t\t<\/section>\n\t\t\t\t<section class=\"elementor-section elementor-top-section elementor-element elementor-element-1a83847 elementor-section-boxed elementor-section-height-default elementor-section-height-default\" data-id=\"1a83847\" data-element_type=\"section\">\n\t\t\t\t\t\t<div class=\"elementor-container elementor-column-gap-default\">\n\t\t\t\t\t<div class=\"elementor-column elementor-col-100 elementor-top-column elementor-element elementor-element-a502d6e\" data-id=\"a502d6e\" data-element_type=\"column\">\n\t\t\t<div class=\"elementor-widget-wrap elementor-element-populated\">\n\t\t\t\t\t\t<div class=\"elementor-element elementor-element-1929ec4 elementor-widget elementor-widget-spacer\" data-id=\"1929ec4\" data-element_type=\"widget\" data-widget_type=\"spacer.default\">\n\t\t\t\t<div class=\"elementor-widget-container\">\n\t\t\t\t\t\t\t<div class=\"elementor-spacer\">\n\t\t\t<div class=\"elementor-spacer-inner\"><\/div>\n\t\t<\/div>\n\t\t\t\t\t\t<\/div>\n\t\t\t\t<\/div>\n\t\t\t\t<div class=\"elementor-element elementor-element-9199b1c elementor-widget elementor-widget-image\" data-id=\"9199b1c\" data-element_type=\"widget\" data-widget_type=\"image.default\">\n\t\t\t\t<div class=\"elementor-widget-container\">\n\t\t\t\t\t\t\t\t\t\t\t\t\t\t\t<img fetchpriority=\"high\" decoding=\"async\" width=\"640\" height=\"359\" src=\"https:\/\/amsoa-dermocomestique.com\/wp-content\/uploads\/2023\/01\/logo_tsaraform_logo-1-1024x575.png\" class=\"attachment-large size-large wp-image-1377\" alt=\"\" srcset=\"https:\/\/amsoa-dermocomestique.com\/wp-content\/uploads\/2023\/01\/logo_tsaraform_logo-1-1024x575.png 1024w, https:\/\/amsoa-dermocomestique.com\/wp-content\/uploads\/2023\/01\/logo_tsaraform_logo-1-300x168.png 300w, https:\/\/amsoa-dermocomestique.com\/wp-content\/uploads\/2023\/01\/logo_tsaraform_logo-1-768x431.png 768w, https:\/\/amsoa-dermocomestique.com\/wp-content\/uploads\/2023\/01\/logo_tsaraform_logo-1-1536x862.png 1536w, https:\/\/amsoa-dermocomestique.com\/wp-content\/uploads\/2023\/01\/logo_tsaraform_logo-1-2048x1150.png 2048w\" sizes=\"(max-width: 640px) 100vw, 640px\" \/>\t\t\t\t\t\t\t\t\t\t\t\t\t\t\t<\/div>\n\t\t\t\t<\/div>\n\t\t\t\t\t<\/div>\n\t\t<\/div>\n\t\t\t\t\t<\/div>\n\t\t<\/section>\n\t\t\t\t<\/div>\n\t\t","protected":false},"excerpt":{"rendered":"<p>Derri\u00e8re Tsara Form un peu plus sur nous ! Nous sommes deux soeurs totalement diff\u00e9rentes mais si compl\u00e9mentaires que nous [&hellip;]<\/p>\n","protected":false},"author":1,"featured_media":0,"parent":0,"menu_order":0,"comment_status":"closed","ping_status":"closed","template":"","meta":{"om_disable_all_campaigns":false,"_monsterinsights_skip_tracking":false,"_monsterinsights_sitenote_active":false,"_monsterinsights_sitenote_note":"","_monsterinsights_sitenote_category":0,"footnotes":""},"class_list":["post-54","page","type-page","status-publish","hentry"],"aioseo_notices":[],"_links":{"self":[{"href":"https:\/\/amsoa-dermocomestique.com\/index.php\/wp-json\/wp\/v2\/pages\/54","targetHints":{"allow":["GET"]}}],"collection":[{"href":"https:\/\/amsoa-dermocomestique.com\/index.php\/wp-json\/wp\/v2\/pages"}],"about":[{"href":"https:\/\/amsoa-dermocomestique.com\/index.php\/wp-json\/wp\/v2\/types\/page"}],"author":[{"embeddable":true,"href":"https:\/\/amsoa-dermocomestique.com\/index.php\/wp-json\/wp\/v2\/users\/1"}],"replies":[{"embeddable":true,"href":"https:\/\/amsoa-dermocomestique.com\/index.php\/wp-json\/wp\/v2\/comments?post=54"}],"version-history":[{"count":46,"href":"https:\/\/amsoa-dermocomestique.com\/index.php\/wp-json\/wp\/v2\/pages\/54\/revisions"}],"predecessor-version":[{"id":1703,"href":"https:\/\/amsoa-dermocomestique.com\/index.php\/wp-json\/wp\/v2\/pages\/54\/revisions\/1703"}],"wp:attachment":[{"href":"https:\/\/amsoa-dermocomestique.com\/index.php\/wp-json\/wp\/v2\/media?parent=54"}],"curies":[{"name":"wp","href":"https:\/\/api.w.org\/{rel}","templated":true}]}}