{"id":50,"date":"2019-08-28T05:55:52","date_gmt":"2019-08-28T05:55:52","guid":{"rendered":"http:\/\/easy-elephant.w5.wpsandbox.pro\/?page_id=50"},"modified":"2024-03-11T22:37:39","modified_gmt":"2024-03-11T22:37:39","slug":"tarifs","status":"publish","type":"page","link":"https:\/\/amsoa-dermocomestique.com\/index.php\/tarifs\/","title":{"rendered":"SKIN &#8211; SOIN VISAGE"},"content":{"rendered":"\t\t<div data-elementor-type=\"wp-post\" data-elementor-id=\"50\" class=\"elementor elementor-50\">\n\t\t\t\t\t\t<section class=\"elementor-section elementor-top-section elementor-element elementor-element-09c6990 elementor-section-boxed elementor-section-height-default elementor-section-height-default\" data-id=\"09c6990\" data-element_type=\"section\" data-settings=\"{&quot;background_background&quot;:&quot;video&quot;}\">\n\t\t\t\t\t\t<div class=\"elementor-container elementor-column-gap-default\">\n\t\t\t\t\t<div class=\"elementor-column elementor-col-100 elementor-top-column elementor-element elementor-element-7793fc3\" data-id=\"7793fc3\" data-element_type=\"column\">\n\t\t\t<div class=\"elementor-widget-wrap elementor-element-populated\">\n\t\t\t\t\t\t<div class=\"elementor-element elementor-element-4cdf9a9 elementor-widget elementor-widget-heading\" data-id=\"4cdf9a9\" data-element_type=\"widget\" data-widget_type=\"heading.default\">\n\t\t\t\t<div class=\"elementor-widget-container\">\n\t\t\t\t\t<h2 class=\"elementor-heading-title elementor-size-medium\">TSARA SKIN<\/h2>\t\t\t\t<\/div>\n\t\t\t\t<\/div>\n\t\t\t\t<div class=\"elementor-element elementor-element-62f43e0 ec-icon--top elementor-widget elementor-widget-elementor-companion-divider\" data-id=\"62f43e0\" data-element_type=\"widget\" data-settings=\"{&quot;icon_position&quot;:&quot;top&quot;}\" data-widget_type=\"elementor-companion-divider.default\">\n\t\t\t\t<div class=\"elementor-widget-container\">\n\t\t\t\t\t\n\t\t<div class=\"ec-divider-wrapper\">\n\t\t\t<div class=\"ec-divider ec-divider--icon  \">\n\t\t\t\t<div class=\"ec-divider-side ec-divider-before\"><\/div>\n\n\t\t\t\t\t\t\t\t<div class=\"ec-divider-middle\">\n\t\t\t\t\t\n\t\t\t\t\t\t<i aria-hidden=\"true\" class=\"fab fa-pagelines\"><\/i>\n\t\t\t\t\t\n\t\t\t\t\t\n\t\t\t\t\t\t\t\t<\/div> <!-- \/.ec-divider-middle -->\n\t\t\t\n\t\t\t<div class=\"ec-divider-side ec-divider-after\"><\/div>\n\t\t<\/div> <!-- \/.ec-divider -->\n\n\t\t<\/div> <!-- \/.ec-divider-wrapper -->\n\n\t\t\t\t\t\t<\/div>\n\t\t\t\t<\/div>\n\t\t\t\t\t<\/div>\n\t\t<\/div>\n\t\t\t\t\t<\/div>\n\t\t<\/section>\n\t\t\t\t<section class=\"elementor-section elementor-top-section elementor-element elementor-element-d84e9a1 elementor-section-boxed elementor-section-height-default elementor-section-height-default\" data-id=\"d84e9a1\" data-element_type=\"section\">\n\t\t\t\t\t\t<div class=\"elementor-container elementor-column-gap-default\">\n\t\t\t\t\t<div class=\"elementor-column elementor-col-100 elementor-top-column elementor-element elementor-element-9a459b9\" data-id=\"9a459b9\" data-element_type=\"column\">\n\t\t\t<div class=\"elementor-widget-wrap elementor-element-populated\">\n\t\t\t\t\t\t<div class=\"elementor-element elementor-element-3f31093 elementor-widget elementor-widget-text-editor\" data-id=\"3f31093\" data-element_type=\"widget\" data-widget_type=\"text-editor.default\">\n\t\t\t\t<div class=\"elementor-widget-container\">\n\t\t\t\t\t\t\t\t\t<p><span class=\"S1PPyQ\">Des soins personnalis\u00e9s pour une exp\u00e9rience unique qui comblent l\u2019ensemble de vos pr\u00e9occupations et besoins.<\/span><\/p>\t\t\t\t\t\t\t\t<\/div>\n\t\t\t\t<\/div>\n\t\t\t\t\t<\/div>\n\t\t<\/div>\n\t\t\t\t\t<\/div>\n\t\t<\/section>\n\t\t\t\t<section class=\"elementor-section elementor-inner-section elementor-element elementor-element-b9450f elementor-section-boxed elementor-section-height-default elementor-section-height-default\" data-id=\"b9450f\" data-element_type=\"section\" data-settings=\"{&quot;background_background&quot;:&quot;classic&quot;}\">\n\t\t\t\t\t\t<div class=\"elementor-container elementor-column-gap-default\">\n\t\t\t\t\t<div class=\"elementor-column elementor-col-25 elementor-inner-column elementor-element elementor-element-3ef9e51\" data-id=\"3ef9e51\" data-element_type=\"column\">\n\t\t\t<div class=\"elementor-widget-wrap elementor-element-populated\">\n\t\t\t\t\t\t<div class=\"elementor-element elementor-element-0dbf952 elementor-widget elementor-widget-heading\" data-id=\"0dbf952\" data-element_type=\"widget\" data-widget_type=\"heading.default\">\n\t\t\t\t<div class=\"elementor-widget-container\">\n\t\t\t\t\t<h2 class=\"elementor-heading-title elementor-size-default\">HYDRASORA (1h) - 80,00\u20ac<\/h2>\t\t\t\t<\/div>\n\t\t\t\t<\/div>\n\t\t\t\t<div class=\"elementor-element elementor-element-6bdc122 elementor-widget elementor-widget-text-editor\" data-id=\"6bdc122\" data-element_type=\"widget\" data-widget_type=\"text-editor.default\">\n\t\t\t\t<div class=\"elementor-widget-container\">\n\t\t\t\t\t\t\t\t\t<p class=\"_04xlpA direction-ltr align-start para-style-body\"><span class=\"S1PPyQ\">Le soin nettoyant complet par excellence : nettoie, exfolie et retire les impuret\u00e9s. Retrouvez une peau saine, lumineuse et lisse.<\/span><\/p>\n<p class=\"_04xlpA direction-ltr align-start para-style-body\"><span class=\"S1PPyQ\">Pour tous<\/span> <span class=\"S1PPyQ\">les types de peaux.<\/span><\/p>\t\t\t\t\t\t\t\t<\/div>\n\t\t\t\t<\/div>\n\t\t\t\t<div class=\"elementor-element elementor-element-bf4622e elementor-widget elementor-widget-image\" data-id=\"bf4622e\" data-element_type=\"widget\" data-widget_type=\"image.default\">\n\t\t\t\t<div class=\"elementor-widget-container\">\n\t\t\t\t\t\t\t\t\t\t\t\t\t\t\t<img fetchpriority=\"high\" decoding=\"async\" width=\"640\" height=\"427\" src=\"https:\/\/amsoa-dermocomestique.com\/wp-content\/uploads\/2023\/01\/Photo-14-07-2021-13-44-30-1024x683.jpg\" class=\"attachment-large size-large wp-image-1459\" alt=\"\" srcset=\"https:\/\/amsoa-dermocomestique.com\/wp-content\/uploads\/2023\/01\/Photo-14-07-2021-13-44-30-1024x683.jpg 1024w, https:\/\/amsoa-dermocomestique.com\/wp-content\/uploads\/2023\/01\/Photo-14-07-2021-13-44-30-300x200.jpg 300w, https:\/\/amsoa-dermocomestique.com\/wp-content\/uploads\/2023\/01\/Photo-14-07-2021-13-44-30-768x512.jpg 768w, https:\/\/amsoa-dermocomestique.com\/wp-content\/uploads\/2023\/01\/Photo-14-07-2021-13-44-30-1536x1024.jpg 1536w, https:\/\/amsoa-dermocomestique.com\/wp-content\/uploads\/2023\/01\/Photo-14-07-2021-13-44-30-2048x1365.jpg 2048w, https:\/\/amsoa-dermocomestique.com\/wp-content\/uploads\/2023\/01\/Photo-14-07-2021-13-44-30-90x60.jpg 90w, https:\/\/amsoa-dermocomestique.com\/wp-content\/uploads\/2023\/01\/Photo-14-07-2021-13-44-30-370x247.jpg 370w, https:\/\/amsoa-dermocomestique.com\/wp-content\/uploads\/2023\/01\/Photo-14-07-2021-13-44-30-776x517.jpg 776w\" sizes=\"(max-width: 640px) 100vw, 640px\" \/>\t\t\t\t\t\t\t\t\t\t\t\t\t\t\t<\/div>\n\t\t\t\t<\/div>\n\t\t\t\t<div class=\"elementor-element elementor-element-c403d47 elementor-align-center elementor-widget elementor-widget-button\" data-id=\"c403d47\" data-element_type=\"widget\" data-widget_type=\"button.default\">\n\t\t\t\t<div class=\"elementor-widget-container\">\n\t\t\t\t\t\t\t\t\t<div class=\"elementor-button-wrapper\">\n\t\t\t\t\t<a class=\"elementor-button elementor-button-link elementor-size-md\" href=\"https:\/\/www.planity.com\/tsara-form-49100-angers\/reservation\">\n\t\t\t\t\t\t<span class=\"elementor-button-content-wrapper\">\n\t\t\t\t\t\t<span class=\"elementor-button-icon\">\n\t\t\t\t<i aria-hidden=\"true\" class=\"far fa-arrow-alt-circle-right\"><\/i>\t\t\t<\/span>\n\t\t\t\t\t\t\t\t\t<span class=\"elementor-button-text\">Je r\u00e9serve<\/span>\n\t\t\t\t\t<\/span>\n\t\t\t\t\t<\/a>\n\t\t\t\t<\/div>\n\t\t\t\t\t\t\t\t<\/div>\n\t\t\t\t<\/div>\n\t\t\t\t\t<\/div>\n\t\t<\/div>\n\t\t\t\t<div class=\"elementor-column elementor-col-25 elementor-inner-column elementor-element elementor-element-1641977\" data-id=\"1641977\" data-element_type=\"column\">\n\t\t\t<div class=\"elementor-widget-wrap elementor-element-populated\">\n\t\t\t\t\t\t<div class=\"elementor-element elementor-element-cac1c63 elementor-widget elementor-widget-image\" data-id=\"cac1c63\" data-element_type=\"widget\" data-widget_type=\"image.default\">\n\t\t\t\t<div class=\"elementor-widget-container\">\n\t\t\t\t\t\t\t\t\t\t\t\t\t\t\t<img decoding=\"async\" width=\"640\" height=\"800\" src=\"https:\/\/amsoa-dermocomestique.com\/wp-content\/uploads\/2023\/01\/2022-08-17-10.39.24-819x1024.jpg\" class=\"attachment-large size-large wp-image-1448\" alt=\"\" srcset=\"https:\/\/amsoa-dermocomestique.com\/wp-content\/uploads\/2023\/01\/2022-08-17-10.39.24-819x1024.jpg 819w, https:\/\/amsoa-dermocomestique.com\/wp-content\/uploads\/2023\/01\/2022-08-17-10.39.24-240x300.jpg 240w, https:\/\/amsoa-dermocomestique.com\/wp-content\/uploads\/2023\/01\/2022-08-17-10.39.24-768x960.jpg 768w, https:\/\/amsoa-dermocomestique.com\/wp-content\/uploads\/2023\/01\/2022-08-17-10.39.24-48x60.jpg 48w, https:\/\/amsoa-dermocomestique.com\/wp-content\/uploads\/2023\/01\/2022-08-17-10.39.24.jpg 1080w\" sizes=\"(max-width: 640px) 100vw, 640px\" \/>\t\t\t\t\t\t\t\t\t\t\t\t\t\t\t<\/div>\n\t\t\t\t<\/div>\n\t\t\t\t<div class=\"elementor-element elementor-element-1d1b462 elementor-align-center elementor-widget elementor-widget-button\" data-id=\"1d1b462\" data-element_type=\"widget\" data-widget_type=\"button.default\">\n\t\t\t\t<div class=\"elementor-widget-container\">\n\t\t\t\t\t\t\t\t\t<div class=\"elementor-button-wrapper\">\n\t\t\t\t\t<a class=\"elementor-button elementor-button-link elementor-size-md\" href=\"https:\/\/www.planity.com\/tsara-form-49100-angers\/reservation\">\n\t\t\t\t\t\t<span class=\"elementor-button-content-wrapper\">\n\t\t\t\t\t\t<span class=\"elementor-button-icon\">\n\t\t\t\t<i aria-hidden=\"true\" class=\"far fa-arrow-alt-circle-right\"><\/i>\t\t\t<\/span>\n\t\t\t\t\t\t\t\t\t<span class=\"elementor-button-text\">Je r\u00e9serve<\/span>\n\t\t\t\t\t<\/span>\n\t\t\t\t\t<\/a>\n\t\t\t\t<\/div>\n\t\t\t\t\t\t\t\t<\/div>\n\t\t\t\t<\/div>\n\t\t\t\t<div class=\"elementor-element elementor-element-0d7987d elementor-widget elementor-widget-heading\" data-id=\"0d7987d\" data-element_type=\"widget\" data-widget_type=\"heading.default\">\n\t\t\t\t<div class=\"elementor-widget-container\">\n\t\t\t\t\t<h2 class=\"elementor-heading-title elementor-size-default\">DERMASORA (1h) - 65,00\u20ac<\/h2>\t\t\t\t<\/div>\n\t\t\t\t<\/div>\n\t\t\t\t<div class=\"elementor-element elementor-element-b475770 elementor-widget elementor-widget-text-editor\" data-id=\"b475770\" data-element_type=\"widget\" data-widget_type=\"text-editor.default\">\n\t\t\t\t<div class=\"elementor-widget-container\">\n\t\t\t\t\t\t\t\t\t<p class=\"_04xlpA direction-ltr align-start para-style-body\"><span class=\"S1PPyQ\">C\u2019est le secret d\u2019une peau saine, douce et uniforme.\u00a0<\/span>Cette technique d\u2019exfoliation consiste \u00e0 racler avec pr\u00e9caution, pr\u00e9cision et douceur les cellules mortes.<\/p><p class=\"_04xlpA direction-ltr align-start para-style-body\">\u00a0<\/p>\t\t\t\t\t\t\t\t<\/div>\n\t\t\t\t<\/div>\n\t\t\t\t\t<\/div>\n\t\t<\/div>\n\t\t\t\t<div class=\"elementor-column elementor-col-25 elementor-inner-column elementor-element elementor-element-36ed7fe\" data-id=\"36ed7fe\" data-element_type=\"column\">\n\t\t\t<div class=\"elementor-widget-wrap elementor-element-populated\">\n\t\t\t\t\t\t<div class=\"elementor-element elementor-element-e29fe6d elementor-widget elementor-widget-image\" data-id=\"e29fe6d\" data-element_type=\"widget\" data-widget_type=\"image.default\">\n\t\t\t\t<div class=\"elementor-widget-container\">\n\t\t\t\t\t\t\t\t\t\t\t\t\t\t\t<img decoding=\"async\" width=\"473\" height=\"1024\" src=\"https:\/\/amsoa-dermocomestique.com\/wp-content\/uploads\/2023\/01\/117D0346-3E7C-4C02-834A-F3BD01E5E387_1_102_o-e1673372791351-473x1024.jpeg\" class=\"attachment-large size-large wp-image-1393\" alt=\"\" srcset=\"https:\/\/amsoa-dermocomestique.com\/wp-content\/uploads\/2023\/01\/117D0346-3E7C-4C02-834A-F3BD01E5E387_1_102_o-e1673372791351-473x1024.jpeg 473w, https:\/\/amsoa-dermocomestique.com\/wp-content\/uploads\/2023\/01\/117D0346-3E7C-4C02-834A-F3BD01E5E387_1_102_o-e1673372791351-139x300.jpeg 139w, https:\/\/amsoa-dermocomestique.com\/wp-content\/uploads\/2023\/01\/117D0346-3E7C-4C02-834A-F3BD01E5E387_1_102_o-e1673372791351-768x1662.jpeg 768w, https:\/\/amsoa-dermocomestique.com\/wp-content\/uploads\/2023\/01\/117D0346-3E7C-4C02-834A-F3BD01E5E387_1_102_o-e1673372791351-710x1536.jpeg 710w, https:\/\/amsoa-dermocomestique.com\/wp-content\/uploads\/2023\/01\/117D0346-3E7C-4C02-834A-F3BD01E5E387_1_102_o-e1673372791351-946x2048.jpeg 946w, https:\/\/amsoa-dermocomestique.com\/wp-content\/uploads\/2023\/01\/117D0346-3E7C-4C02-834A-F3BD01E5E387_1_102_o-e1673372791351-28x60.jpeg 28w, https:\/\/amsoa-dermocomestique.com\/wp-content\/uploads\/2023\/01\/117D0346-3E7C-4C02-834A-F3BD01E5E387_1_102_o-e1673372791351.jpeg 1170w\" sizes=\"(max-width: 473px) 100vw, 473px\" \/>\t\t\t\t\t\t\t\t\t\t\t\t\t\t\t<\/div>\n\t\t\t\t<\/div>\n\t\t\t\t<div class=\"elementor-element elementor-element-f87671d elementor-widget elementor-widget-heading\" data-id=\"f87671d\" data-element_type=\"widget\" data-widget_type=\"heading.default\">\n\t\t\t\t<div class=\"elementor-widget-container\">\n\t\t\t\t\t<h2 class=\"elementor-heading-title elementor-size-default\">SORAPEEL \u00e0 partir de 75,00\u20ac<\/h2>\t\t\t\t<\/div>\n\t\t\t\t<\/div>\n\t\t\t\t<div class=\"elementor-element elementor-element-cd4bae8 elementor-widget elementor-widget-text-editor\" data-id=\"cd4bae8\" data-element_type=\"widget\" data-widget_type=\"text-editor.default\">\n\t\t\t\t<div class=\"elementor-widget-container\">\n\t\t\t\t\t\t\t\t\t<p class=\"_04xlpA direction-ltr align-start para-style-body\"><span class=\"S1PPyQ\">Nos peelings ; le parcours de soin de la peau le plus\u00a0<\/span><span class=\"S1PPyQ\">enrichissant que vous puissiez entreprendre pour traiter l&rsquo;acn\u00e9,\u00a0<\/span><span class=\"S1PPyQ\">les t\u00e2ches, les cicatrices, \u00a0le vieillissement cutan\u00e9, le teint terne.<\/span><\/p><p class=\"_04xlpA direction-ltr align-start para-style-body\">\u00a0<\/p>\t\t\t\t\t\t\t\t<\/div>\n\t\t\t\t<\/div>\n\t\t\t\t<div class=\"elementor-element elementor-element-5dcd7ff elementor-align-center elementor-widget elementor-widget-button\" data-id=\"5dcd7ff\" data-element_type=\"widget\" data-widget_type=\"button.default\">\n\t\t\t\t<div class=\"elementor-widget-container\">\n\t\t\t\t\t\t\t\t\t<div class=\"elementor-button-wrapper\">\n\t\t\t\t\t<a class=\"elementor-button elementor-button-link elementor-size-md\" href=\"https:\/\/www.planity.com\/tsara-form-49100-angers\">\n\t\t\t\t\t\t<span class=\"elementor-button-content-wrapper\">\n\t\t\t\t\t\t<span class=\"elementor-button-icon\">\n\t\t\t\t<i aria-hidden=\"true\" class=\"far fa-arrow-alt-circle-right\"><\/i>\t\t\t<\/span>\n\t\t\t\t\t\t\t\t\t<span class=\"elementor-button-text\">Je r\u00e9serve<\/span>\n\t\t\t\t\t<\/span>\n\t\t\t\t\t<\/a>\n\t\t\t\t<\/div>\n\t\t\t\t\t\t\t\t<\/div>\n\t\t\t\t<\/div>\n\t\t\t\t\t<\/div>\n\t\t<\/div>\n\t\t\t\t<div class=\"elementor-column elementor-col-25 elementor-inner-column elementor-element elementor-element-4d30ed2\" data-id=\"4d30ed2\" data-element_type=\"column\">\n\t\t\t<div class=\"elementor-widget-wrap elementor-element-populated\">\n\t\t\t\t\t\t<div class=\"elementor-element elementor-element-05dd405 elementor-widget elementor-widget-heading\" data-id=\"05dd405\" data-element_type=\"widget\" data-widget_type=\"heading.default\">\n\t\t\t\t<div class=\"elementor-widget-container\">\n\t\t\t\t\t<h2 class=\"elementor-heading-title elementor-size-default\"><br>R\u00e9g\u00e9n\u00e9rant (1h) - 75,00\u20ac<\/h2>\t\t\t\t<\/div>\n\t\t\t\t<\/div>\n\t\t\t\t<div class=\"elementor-element elementor-element-f0113d7 elementor-widget elementor-widget-text-editor\" data-id=\"f0113d7\" data-element_type=\"widget\" data-widget_type=\"text-editor.default\">\n\t\t\t\t<div class=\"elementor-widget-container\">\n\t\t\t\t\t\t\t\t\t<p class=\"_04xlpA direction-ltr align-start para-style-body\"><span class=\"S1PPyQ\">Le soin qui r\u00e9g\u00e9n\u00e8re votre peau !&nbsp;<\/span><span class=\"S1PPyQ\">Id\u00e9al pour traiter<\/span> <span class=\"S1PPyQ\">l\u2019hyperpigmentation, le vieillissement cutan\u00e9, les cicatrices, les pores dilat\u00e9s, l&rsquo;acn\u00e9 les microkystes.<\/span><\/p>\n<p class=\"_04xlpA direction-ltr align-start para-style-body\"><span class=\"S1PPyQ\">Pour tous les types de peaux<\/span><\/p>\n<p class=\"_04xlpA direction-ltr align-start para-style-body\">\n<\/p>\t\t\t\t\t\t\t\t<\/div>\n\t\t\t\t<\/div>\n\t\t\t\t<div class=\"elementor-element elementor-element-1c15e0b elementor-widget elementor-widget-image\" data-id=\"1c15e0b\" data-element_type=\"widget\" data-widget_type=\"image.default\">\n\t\t\t\t<div class=\"elementor-widget-container\">\n\t\t\t\t\t\t\t\t\t\t\t\t\t\t\t<img loading=\"lazy\" decoding=\"async\" width=\"640\" height=\"427\" src=\"https:\/\/amsoa-dermocomestique.com\/wp-content\/uploads\/2023\/01\/Photo-14-07-2021-16-15-19-1024x683.jpg\" class=\"attachment-large size-large wp-image-1461\" alt=\"\" srcset=\"https:\/\/amsoa-dermocomestique.com\/wp-content\/uploads\/2023\/01\/Photo-14-07-2021-16-15-19-1024x683.jpg 1024w, https:\/\/amsoa-dermocomestique.com\/wp-content\/uploads\/2023\/01\/Photo-14-07-2021-16-15-19-300x200.jpg 300w, https:\/\/amsoa-dermocomestique.com\/wp-content\/uploads\/2023\/01\/Photo-14-07-2021-16-15-19-768x512.jpg 768w, https:\/\/amsoa-dermocomestique.com\/wp-content\/uploads\/2023\/01\/Photo-14-07-2021-16-15-19-1536x1024.jpg 1536w, https:\/\/amsoa-dermocomestique.com\/wp-content\/uploads\/2023\/01\/Photo-14-07-2021-16-15-19-2048x1365.jpg 2048w, https:\/\/amsoa-dermocomestique.com\/wp-content\/uploads\/2023\/01\/Photo-14-07-2021-16-15-19-90x60.jpg 90w, https:\/\/amsoa-dermocomestique.com\/wp-content\/uploads\/2023\/01\/Photo-14-07-2021-16-15-19-370x247.jpg 370w, https:\/\/amsoa-dermocomestique.com\/wp-content\/uploads\/2023\/01\/Photo-14-07-2021-16-15-19-776x517.jpg 776w\" sizes=\"(max-width: 640px) 100vw, 640px\" \/>\t\t\t\t\t\t\t\t\t\t\t\t\t\t\t<\/div>\n\t\t\t\t<\/div>\n\t\t\t\t<div class=\"elementor-element elementor-element-1497f7a elementor-align-center elementor-widget elementor-widget-button\" data-id=\"1497f7a\" data-element_type=\"widget\" data-widget_type=\"button.default\">\n\t\t\t\t<div class=\"elementor-widget-container\">\n\t\t\t\t\t\t\t\t\t<div class=\"elementor-button-wrapper\">\n\t\t\t\t\t<a class=\"elementor-button elementor-button-link elementor-size-md\" href=\"https:\/\/www.planity.com\/tsara-form-49100-angers\/reservation\">\n\t\t\t\t\t\t<span class=\"elementor-button-content-wrapper\">\n\t\t\t\t\t\t\t\t\t<span class=\"elementor-button-text\">Je r\u00e9serve<\/span>\n\t\t\t\t\t<\/span>\n\t\t\t\t\t<\/a>\n\t\t\t\t<\/div>\n\t\t\t\t\t\t\t\t<\/div>\n\t\t\t\t<\/div>\n\t\t\t\t\t<\/div>\n\t\t<\/div>\n\t\t\t\t\t<\/div>\n\t\t<\/section>\n\t\t\t\t<\/div>\n\t\t","protected":false},"excerpt":{"rendered":"<p>TSARA SKIN Des soins personnalis\u00e9s pour une exp\u00e9rience unique qui comblent l\u2019ensemble de vos pr\u00e9occupations et besoins. HYDRASORA (1h) &#8211; [&hellip;]<\/p>\n","protected":false},"author":1,"featured_media":0,"parent":0,"menu_order":0,"comment_status":"closed","ping_status":"closed","template":"","meta":{"om_disable_all_campaigns":false,"_monsterinsights_skip_tracking":false,"_monsterinsights_sitenote_active":false,"_monsterinsights_sitenote_note":"","_monsterinsights_sitenote_category":0,"footnotes":""},"class_list":["post-50","page","type-page","status-publish","hentry"],"aioseo_notices":[],"_links":{"self":[{"href":"https:\/\/amsoa-dermocomestique.com\/index.php\/wp-json\/wp\/v2\/pages\/50","targetHints":{"allow":["GET"]}}],"collection":[{"href":"https:\/\/amsoa-dermocomestique.com\/index.php\/wp-json\/wp\/v2\/pages"}],"about":[{"href":"https:\/\/amsoa-dermocomestique.com\/index.php\/wp-json\/wp\/v2\/types\/page"}],"author":[{"embeddable":true,"href":"https:\/\/amsoa-dermocomestique.com\/index.php\/wp-json\/wp\/v2\/users\/1"}],"replies":[{"embeddable":true,"href":"https:\/\/amsoa-dermocomestique.com\/index.php\/wp-json\/wp\/v2\/comments?post=50"}],"version-history":[{"count":126,"href":"https:\/\/amsoa-dermocomestique.com\/index.php\/wp-json\/wp\/v2\/pages\/50\/revisions"}],"predecessor-version":[{"id":1702,"href":"https:\/\/amsoa-dermocomestique.com\/index.php\/wp-json\/wp\/v2\/pages\/50\/revisions\/1702"}],"wp:attachment":[{"href":"https:\/\/amsoa-dermocomestique.com\/index.php\/wp-json\/wp\/v2\/media?parent=50"}],"curies":[{"name":"wp","href":"https:\/\/api.w.org\/{rel}","templated":true}]}}