{"id":37,"date":"2019-08-28T04:36:35","date_gmt":"2019-08-28T04:36:35","guid":{"rendered":"http:\/\/easy-elephant.w5.wpsandbox.pro\/?page_id=37"},"modified":"2024-03-11T22:37:09","modified_gmt":"2024-03-11T22:37:09","slug":"accueil","status":"publish","type":"page","link":"https:\/\/amsoa-dermocomestique.com\/","title":{"rendered":"AMSOA DERMOCOSMETIQUE"},"content":{"rendered":"\t\t<div data-elementor-type=\"wp-post\" data-elementor-id=\"37\" class=\"elementor elementor-37\">\n\t\t\t\t\t\t<section class=\"elementor-section elementor-top-section elementor-element elementor-element-a9e4f2d elementor-section-boxed elementor-section-height-default elementor-section-height-default\" data-id=\"a9e4f2d\" data-element_type=\"section\">\n\t\t\t\t\t\t<div class=\"elementor-container elementor-column-gap-default\">\n\t\t\t\t\t<div class=\"elementor-column elementor-col-100 elementor-top-column elementor-element elementor-element-aacfb67\" data-id=\"aacfb67\" data-element_type=\"column\">\n\t\t\t<div class=\"elementor-widget-wrap elementor-element-populated\">\n\t\t\t\t\t\t<div class=\"elementor-element elementor-element-973d2d9 elementor-widget elementor-widget-image\" data-id=\"973d2d9\" data-element_type=\"widget\" data-widget_type=\"image.default\">\n\t\t\t\t<div class=\"elementor-widget-container\">\n\t\t\t\t\t\t\t\t\t\t\t\t\t\t\t<img fetchpriority=\"high\" decoding=\"async\" width=\"640\" height=\"320\" src=\"https:\/\/amsoa-dermocomestique.com\/wp-content\/uploads\/2023\/01\/cropped-IMG_6831_Facetune_13-04-2021-19-28-04-scaled-1-1024x512.jpg\" class=\"attachment-large size-large wp-image-1602\" alt=\"\" srcset=\"https:\/\/amsoa-dermocomestique.com\/wp-content\/uploads\/2023\/01\/cropped-IMG_6831_Facetune_13-04-2021-19-28-04-scaled-1-1024x512.jpg 1024w, https:\/\/amsoa-dermocomestique.com\/wp-content\/uploads\/2023\/01\/cropped-IMG_6831_Facetune_13-04-2021-19-28-04-scaled-1-300x150.jpg 300w, https:\/\/amsoa-dermocomestique.com\/wp-content\/uploads\/2023\/01\/cropped-IMG_6831_Facetune_13-04-2021-19-28-04-scaled-1-768x384.jpg 768w, https:\/\/amsoa-dermocomestique.com\/wp-content\/uploads\/2023\/01\/cropped-IMG_6831_Facetune_13-04-2021-19-28-04-scaled-1.jpg 1200w\" sizes=\"(max-width: 640px) 100vw, 640px\" \/>\t\t\t\t\t\t\t\t\t\t\t\t\t\t\t<\/div>\n\t\t\t\t<\/div>\n\t\t\t\t<div class=\"elementor-element elementor-element-ecd134d elementor-widget elementor-widget-text-editor\" data-id=\"ecd134d\" data-element_type=\"widget\" data-widget_type=\"text-editor.default\">\n\t\t\t\t<div class=\"elementor-widget-container\">\n\t\t\t\t\t\t\t\t\t<p style=\"text-align: center;\"><span style=\"color: #000000;\">D\u00e9couvrez notre centre de soin, un havre de paix chaleureux o\u00f9 chaque visite est une invitation au bien-\u00eatre. Amsoa Dermocosmetique vous accueille avec le sourire, pr\u00eates \u00e0 vous offrir une exp\u00e9rience unique \u00e0 travers des soins corps et visage sp\u00e9cialis\u00e9, ciblant des probl\u00e9matique sp\u00e9cifiques avec discr\u00e9tion et d\u00e9licatesse.\u00a0Tsara Institut c&rsquo;est repartir avec une estime de soi renforc\u00e9e, une confiance retrouv\u00e9e et un bien-\u00eatre profond. Faites-nous confiance et laissez-vous choyer dans notre sanctu<span style=\"font-family: var( --e-global-typography-text-font-family ), Sans-serif;\">aire de beaut\u00e9.\u00a0<\/span><\/span><\/p><p style=\"text-align: center;\"><span style=\"color: #000000;\">Bienvenue dans un lieu o\u00f9 vous vous sentirez enfin chez vous.<\/span><\/p>\t\t\t\t\t\t\t\t<\/div>\n\t\t\t\t<\/div>\n\t\t\t\t\t<\/div>\n\t\t<\/div>\n\t\t\t\t\t<\/div>\n\t\t<\/section>\n\t\t\t\t<section class=\"elementor-section elementor-top-section elementor-element elementor-element-b6c50be elementor-section-boxed elementor-section-height-default elementor-section-height-default\" data-id=\"b6c50be\" data-element_type=\"section\">\n\t\t\t\t\t\t<div class=\"elementor-container elementor-column-gap-default\">\n\t\t\t\t\t<div class=\"elementor-column elementor-col-100 elementor-top-column elementor-element elementor-element-d932c0f\" data-id=\"d932c0f\" data-element_type=\"column\">\n\t\t\t<div class=\"elementor-widget-wrap elementor-element-populated\">\n\t\t\t\t\t\t<div class=\"elementor-element elementor-element-f00751e elementor-shape-rounded elementor-grid-0 e-grid-align-center elementor-widget elementor-widget-social-icons\" data-id=\"f00751e\" data-element_type=\"widget\" data-widget_type=\"social-icons.default\">\n\t\t\t\t<div class=\"elementor-widget-container\">\n\t\t\t\t\t\t\t<div class=\"elementor-social-icons-wrapper elementor-grid\" role=\"list\">\n\t\t\t\t\t\t\t<span class=\"elementor-grid-item\" role=\"listitem\">\n\t\t\t\t\t<a class=\"elementor-icon elementor-social-icon elementor-social-icon-instagram elementor-repeater-item-7690c5d\" href=\"https:\/\/www.instagram.com\/tsara_form\/\" target=\"_blank\">\n\t\t\t\t\t\t<span class=\"elementor-screen-only\">Instagram<\/span>\n\t\t\t\t\t\t<i aria-hidden=\"true\" class=\"fab fa-instagram\"><\/i>\t\t\t\t\t<\/a>\n\t\t\t\t<\/span>\n\t\t\t\t\t\t\t<span class=\"elementor-grid-item\" role=\"listitem\">\n\t\t\t\t\t<a class=\"elementor-icon elementor-social-icon elementor-social-icon-tiktok elementor-repeater-item-5b38b63\" href=\"https:\/\/www.tiktok.com\/@tsara_form\" target=\"_blank\">\n\t\t\t\t\t\t<span class=\"elementor-screen-only\">Tiktok<\/span>\n\t\t\t\t\t\t<i aria-hidden=\"true\" class=\"fab fa-tiktok\"><\/i>\t\t\t\t\t<\/a>\n\t\t\t\t<\/span>\n\t\t\t\t\t<\/div>\n\t\t\t\t\t\t<\/div>\n\t\t\t\t<\/div>\n\t\t\t\t<div class=\"elementor-element elementor-element-144445b elementor-align-center elementor-widget elementor-widget-button\" data-id=\"144445b\" data-element_type=\"widget\" data-widget_type=\"button.default\">\n\t\t\t\t<div class=\"elementor-widget-container\">\n\t\t\t\t\t\t\t\t\t<div class=\"elementor-button-wrapper\">\n\t\t\t\t\t<a class=\"elementor-button elementor-button-link elementor-size-xl\" href=\"https:\/\/www.planity.com\/tsara-form-49100-angers\">\n\t\t\t\t\t\t<span class=\"elementor-button-content-wrapper\">\n\t\t\t\t\t\t\t\t\t<span class=\"elementor-button-text\">Carte de soin<\/span>\n\t\t\t\t\t<\/span>\n\t\t\t\t\t<\/a>\n\t\t\t\t<\/div>\n\t\t\t\t\t\t\t\t<\/div>\n\t\t\t\t<\/div>\n\t\t\t\t\t<\/div>\n\t\t<\/div>\n\t\t\t\t\t<\/div>\n\t\t<\/section>\n\t\t\t\t<\/div>\n\t\t","protected":false},"excerpt":{"rendered":"<p>D\u00e9couvrez notre centre de soin, un havre de paix chaleureux o\u00f9 chaque visite est une invitation au bien-\u00eatre. Amsoa Dermocosmetique [&hellip;]<\/p>\n","protected":false},"author":3,"featured_media":0,"parent":0,"menu_order":0,"comment_status":"closed","ping_status":"closed","template":"","meta":{"om_disable_all_campaigns":false,"_monsterinsights_skip_tracking":false,"_monsterinsights_sitenote_active":false,"_monsterinsights_sitenote_note":"","_monsterinsights_sitenote_category":0,"footnotes":""},"class_list":["post-37","page","type-page","status-publish","hentry"],"aioseo_notices":[],"_links":{"self":[{"href":"https:\/\/amsoa-dermocomestique.com\/index.php\/wp-json\/wp\/v2\/pages\/37","targetHints":{"allow":["GET"]}}],"collection":[{"href":"https:\/\/amsoa-dermocomestique.com\/index.php\/wp-json\/wp\/v2\/pages"}],"about":[{"href":"https:\/\/amsoa-dermocomestique.com\/index.php\/wp-json\/wp\/v2\/types\/page"}],"author":[{"embeddable":true,"href":"https:\/\/amsoa-dermocomestique.com\/index.php\/wp-json\/wp\/v2\/users\/3"}],"replies":[{"embeddable":true,"href":"https:\/\/amsoa-dermocomestique.com\/index.php\/wp-json\/wp\/v2\/comments?post=37"}],"version-history":[{"count":208,"href":"https:\/\/amsoa-dermocomestique.com\/index.php\/wp-json\/wp\/v2\/pages\/37\/revisions"}],"predecessor-version":[{"id":1700,"href":"https:\/\/amsoa-dermocomestique.com\/index.php\/wp-json\/wp\/v2\/pages\/37\/revisions\/1700"}],"wp:attachment":[{"href":"https:\/\/amsoa-dermocomestique.com\/index.php\/wp-json\/wp\/v2\/media?parent=37"}],"curies":[{"name":"wp","href":"https:\/\/api.w.org\/{rel}","templated":true}]}}