{"id":221,"date":"2019-08-29T06:51:59","date_gmt":"2019-08-29T06:51:59","guid":{"rendered":"http:\/\/easy-elephant.w5.wpsandbox.pro\/?page_id=221"},"modified":"2024-03-11T22:37:29","modified_gmt":"2024-03-11T22:37:29","slug":"soins","status":"publish","type":"page","link":"https:\/\/amsoa-dermocomestique.com\/index.php\/soins\/","title":{"rendered":"FORM &#8211; SOINS CORPS"},"content":{"rendered":"\t\t<div data-elementor-type=\"wp-page\" data-elementor-id=\"221\" class=\"elementor elementor-221\">\n\t\t\t\t\t\t<section class=\"elementor-section elementor-top-section elementor-element elementor-element-71f3bb2 elementor-section-boxed elementor-section-height-default elementor-section-height-default\" data-id=\"71f3bb2\" data-element_type=\"section\">\n\t\t\t\t\t\t<div class=\"elementor-container elementor-column-gap-default\">\n\t\t\t\t\t<div class=\"elementor-column elementor-col-50 elementor-top-column elementor-element elementor-element-256de28\" data-id=\"256de28\" data-element_type=\"column\">\n\t\t\t<div class=\"elementor-widget-wrap elementor-element-populated\">\n\t\t\t\t\t\t<div class=\"elementor-element elementor-element-b1db232 elementor-widget elementor-widget-image\" data-id=\"b1db232\" data-element_type=\"widget\" data-widget_type=\"image.default\">\n\t\t\t\t<div class=\"elementor-widget-container\">\n\t\t\t\t\t\t\t\t\t\t\t\t\t\t\t<img fetchpriority=\"high\" decoding=\"async\" width=\"300\" height=\"300\" src=\"https:\/\/amsoa-dermocomestique.com\/wp-content\/uploads\/2022\/07\/id-tsara-form-133-\u00d7-40-px-512-\u00d7-512-px-300x300.png\" class=\"attachment-medium size-medium wp-image-1147\" alt=\"\" srcset=\"https:\/\/amsoa-dermocomestique.com\/wp-content\/uploads\/2022\/07\/id-tsara-form-133-\u00d7-40-px-512-\u00d7-512-px-300x300.png 300w, https:\/\/amsoa-dermocomestique.com\/wp-content\/uploads\/2022\/07\/id-tsara-form-133-\u00d7-40-px-512-\u00d7-512-px-150x150.png 150w, https:\/\/amsoa-dermocomestique.com\/wp-content\/uploads\/2022\/07\/id-tsara-form-133-\u00d7-40-px-512-\u00d7-512-px.png 512w\" sizes=\"(max-width: 300px) 100vw, 300px\" \/>\t\t\t\t\t\t\t\t\t\t\t\t\t\t\t<\/div>\n\t\t\t\t<\/div>\n\t\t\t\t\t<\/div>\n\t\t<\/div>\n\t\t\t\t<div class=\"elementor-column elementor-col-50 elementor-top-column elementor-element elementor-element-7024913\" data-id=\"7024913\" data-element_type=\"column\">\n\t\t\t<div class=\"elementor-widget-wrap elementor-element-populated\">\n\t\t\t\t\t\t<div class=\"elementor-element elementor-element-920c468 elementor-widget elementor-widget-heading\" data-id=\"920c468\" data-element_type=\"widget\" data-widget_type=\"heading.default\">\n\t\t\t\t<div class=\"elementor-widget-container\">\n\t\t\t\t\t<h2 class=\"elementor-heading-title elementor-size-default\">TSARA FORM<\/h2>\t\t\t\t<\/div>\n\t\t\t\t<\/div>\n\t\t\t\t<div class=\"elementor-element elementor-element-8aa6fdc elementor-widget elementor-widget-text-editor\" data-id=\"8aa6fdc\" data-element_type=\"widget\" data-widget_type=\"text-editor.default\">\n\t\t\t\t<div class=\"elementor-widget-container\">\n\t\t\t\t\t\t\t\t\t<p class=\"MsoNormal\" style=\"margin: 12pt 0cm; font-size: medium; font-family: Calibri, sans-serif; caret-color: #000000; color: #000000;\"><span style=\"font-size: 13.5pt; font-family: 'Playfair Display';\">Soins SCULTYBOBY,\u00a0<i>Nos soins amincissant et raffermissant<\/i><\/span><\/p><p class=\"MsoNormal\" style=\"margin: 0cm 0cm 12pt; font-size: medium; font-family: Calibri, sans-serif; caret-color: #000000; color: #000000;\"><span style=\"font-size: 10.5pt; font-family: Poppins; color: #9a9a99;\">Nos protocoles travaillent \u00e0<u>\u00a0<\/u>la fois l\u2019\u00e9piderme et le<br \/>derme de la r\u00e9gion du corps pour stimuler les cellules qui assurent la<br \/>coh\u00e9rence et la souplesse de la peau. Nos techniques innovantes permettent de raffermir, lisser la peau et diminuer la cellulite de la r\u00e9gion du corps.<\/span><\/p>\t\t\t\t\t\t\t\t<\/div>\n\t\t\t\t<\/div>\n\t\t\t\t\t<\/div>\n\t\t<\/div>\n\t\t\t\t\t<\/div>\n\t\t<\/section>\n\t\t\t\t<section class=\"elementor-section elementor-top-section elementor-element elementor-element-b8ed313 elementor-section-boxed elementor-section-height-default elementor-section-height-default\" data-id=\"b8ed313\" data-element_type=\"section\">\n\t\t\t\t\t\t<div class=\"elementor-container elementor-column-gap-default\">\n\t\t\t\t\t<div class=\"elementor-column elementor-col-50 elementor-top-column elementor-element elementor-element-b09fe18\" data-id=\"b09fe18\" data-element_type=\"column\">\n\t\t\t<div class=\"elementor-widget-wrap elementor-element-populated\">\n\t\t\t\t\t\t<div class=\"elementor-element elementor-element-fd52363 elementor-widget elementor-widget-heading\" data-id=\"fd52363\" data-element_type=\"widget\" data-widget_type=\"heading.default\">\n\t\t\t\t<div class=\"elementor-widget-container\">\n\t\t\t\t\t<h2 class=\"elementor-heading-title elementor-size-large\">KIBOSLIM 1h - 70,00\u20ac<\/h2>\t\t\t\t<\/div>\n\t\t\t\t<\/div>\n\t\t\t\t<div class=\"elementor-element elementor-element-d0e5a53 elementor-widget elementor-widget-text-editor\" data-id=\"d0e5a53\" data-element_type=\"widget\" data-widget_type=\"text-editor.default\">\n\t\t\t\t<div class=\"elementor-widget-container\">\n\t\t\t\t\t\t\t\t\t<p><span style=\"color: #000000;\">Ce soir cibl\u00e9 permet d&rsquo;affiner la r\u00e9gion du ventre. Possibilit\u00e9 de r\u00e9server sous forme de cure.<\/span><\/p>\t\t\t\t\t\t\t\t<\/div>\n\t\t\t\t<\/div>\n\t\t\t\t<div class=\"elementor-element elementor-element-6ff9a9f elementor-widget elementor-widget-image\" data-id=\"6ff9a9f\" data-element_type=\"widget\" data-widget_type=\"image.default\">\n\t\t\t\t<div class=\"elementor-widget-container\">\n\t\t\t\t\t\t\t\t\t\t\t\t\t\t\t<img decoding=\"async\" src=\"https:\/\/amsoa-dermocomestique.com\/wp-content\/uploads\/2022\/07\/KIBOSLIM.png\" title=\"KIBOSLIM\" alt=\"soin du ventre\" loading=\"lazy\" \/>\t\t\t\t\t\t\t\t\t\t\t\t\t\t\t<\/div>\n\t\t\t\t<\/div>\n\t\t\t\t\t<\/div>\n\t\t<\/div>\n\t\t\t\t<div class=\"elementor-column elementor-col-50 elementor-top-column elementor-element elementor-element-0af9a1e\" data-id=\"0af9a1e\" data-element_type=\"column\">\n\t\t\t<div class=\"elementor-widget-wrap elementor-element-populated\">\n\t\t\t\t\t\t<div class=\"elementor-element elementor-element-cf1802e elementor-align-center elementor-widget elementor-widget-button\" data-id=\"cf1802e\" data-element_type=\"widget\" data-widget_type=\"button.default\">\n\t\t\t\t<div class=\"elementor-widget-container\">\n\t\t\t\t\t\t\t\t\t<div class=\"elementor-button-wrapper\">\n\t\t\t\t\t<a class=\"elementor-button elementor-button-link elementor-size-sm\" href=\"https:\/\/www.planity.com\/tsara-form-49100-angers\">\n\t\t\t\t\t\t<span class=\"elementor-button-content-wrapper\">\n\t\t\t\t\t\t\t\t\t<span class=\"elementor-button-text\">D\u00c9COUVRIR TOUS LES SOINS CORPS<\/span>\n\t\t\t\t\t<\/span>\n\t\t\t\t\t<\/a>\n\t\t\t\t<\/div>\n\t\t\t\t\t\t\t\t<\/div>\n\t\t\t\t<\/div>\n\t\t\t\t<div class=\"elementor-element elementor-element-3d148e4 elementor-widget elementor-widget-heading\" data-id=\"3d148e4\" data-element_type=\"widget\" data-widget_type=\"heading.default\">\n\t\t\t\t<div class=\"elementor-widget-container\">\n\t\t\t\t\t<h2 class=\"elementor-heading-title elementor-size-large\">GALBY 1h - 40,00\u20ac<\/h2>\t\t\t\t<\/div>\n\t\t\t\t<\/div>\n\t\t\t\t<div class=\"elementor-element elementor-element-1b1f798 elementor-widget elementor-widget-text-editor\" data-id=\"1b1f798\" data-element_type=\"widget\" data-widget_type=\"text-editor.default\">\n\t\t\t\t<div class=\"elementor-widget-container\">\n\t\t\t\t\t\t\t\t\t<p><span style=\"color: #000000;\">Parfait pour stimuler les muscles fessiers afin de les rendre plus toniques et ferme. L&rsquo;objectif est de rebondir les fessiers et de diminuer les graisses localis\u00e9es en musclant la zone. Possibilit\u00e9 de r\u00e9server sous forme de cure.<\/span><\/p>\t\t\t\t\t\t\t\t<\/div>\n\t\t\t\t<\/div>\n\t\t\t\t<div class=\"elementor-element elementor-element-6621794 elementor-widget elementor-widget-image\" data-id=\"6621794\" data-element_type=\"widget\" data-widget_type=\"image.default\">\n\t\t\t\t<div class=\"elementor-widget-container\">\n\t\t\t\t\t\t\t\t\t\t\t\t\t\t\t<img decoding=\"async\" src=\"https:\/\/amsoa-dermocomestique.com\/wp-content\/uploads\/2023\/01\/IMG_3811-2-Petite.png\" title=\"IMG_3811 2 Petite\" alt=\"IMG_3811 2 Petite\" loading=\"lazy\" \/>\t\t\t\t\t\t\t\t\t\t\t\t\t\t\t<\/div>\n\t\t\t\t<\/div>\n\t\t\t\t\t<\/div>\n\t\t<\/div>\n\t\t\t\t\t<\/div>\n\t\t<\/section>\n\t\t\t\t<\/div>\n\t\t","protected":false},"excerpt":{"rendered":"<p>TSARA FORM Soins SCULTYBOBY,&nbsp;Nos soins amincissant et raffermissant Nos protocoles travaillent \u00e0&nbsp;la fois l\u2019\u00e9piderme et le derme de la r\u00e9gion [&hellip;]<\/p>\n","protected":false},"author":1,"featured_media":0,"parent":0,"menu_order":0,"comment_status":"closed","ping_status":"closed","template":"","meta":{"om_disable_all_campaigns":false,"_monsterinsights_skip_tracking":false,"_monsterinsights_sitenote_active":false,"_monsterinsights_sitenote_note":"","_monsterinsights_sitenote_category":0,"footnotes":""},"class_list":["post-221","page","type-page","status-publish","hentry"],"aioseo_notices":[],"_links":{"self":[{"href":"https:\/\/amsoa-dermocomestique.com\/index.php\/wp-json\/wp\/v2\/pages\/221","targetHints":{"allow":["GET"]}}],"collection":[{"href":"https:\/\/amsoa-dermocomestique.com\/index.php\/wp-json\/wp\/v2\/pages"}],"about":[{"href":"https:\/\/amsoa-dermocomestique.com\/index.php\/wp-json\/wp\/v2\/types\/page"}],"author":[{"embeddable":true,"href":"https:\/\/amsoa-dermocomestique.com\/index.php\/wp-json\/wp\/v2\/users\/1"}],"replies":[{"embeddable":true,"href":"https:\/\/amsoa-dermocomestique.com\/index.php\/wp-json\/wp\/v2\/comments?post=221"}],"version-history":[{"count":59,"href":"https:\/\/amsoa-dermocomestique.com\/index.php\/wp-json\/wp\/v2\/pages\/221\/revisions"}],"predecessor-version":[{"id":1701,"href":"https:\/\/amsoa-dermocomestique.com\/index.php\/wp-json\/wp\/v2\/pages\/221\/revisions\/1701"}],"wp:attachment":[{"href":"https:\/\/amsoa-dermocomestique.com\/index.php\/wp-json\/wp\/v2\/media?parent=221"}],"curies":[{"name":"wp","href":"https:\/\/api.w.org\/{rel}","templated":true}]}}